{"id":488,"date":"2025-05-07T19:32:13","date_gmt":"2025-05-07T17:32:13","guid":{"rendered":"https:\/\/nieruchomoscimalbork.pl\/?page_id=488"},"modified":"2025-05-20T23:51:58","modified_gmt":"2025-05-20T21:51:58","slug":"o-nas","status":"publish","type":"page","link":"https:\/\/nieruchomoscimalbork.pl\/?page_id=488","title":{"rendered":"O nas"},"content":{"rendered":"\t\t<div data-elementor-type=\"wp-page\" data-elementor-id=\"488\" class=\"elementor elementor-488\">\n\t\t\t\t<div class=\"elementor-element elementor-element-e758fd5 e-flex e-con-boxed e-con e-parent\" data-id=\"e758fd5\" data-element_type=\"container\">\n\t\t\t\t\t<div class=\"e-con-inner\">\n\t\t\t\t<div class=\"elementor-element elementor-element-2c8c6a8 elementor-widget elementor-widget-text-editor\" data-id=\"2c8c6a8\" data-element_type=\"widget\" data-widget_type=\"text-editor.default\">\n\t\t\t\t<div class=\"elementor-widget-container\">\n\t\t\t\t\t\t\t\t\t<p><span style=\"font-family: Arial, sans-serif;\"><span style=\"font-size: medium;\"><span style=\"color: #232323;\">Jestem licencjonowanym Po\u015brednik w obrocie nieruchomo\u015bciami z 14 letnim do\u015bwiadczeniem.<\/span><\/span><\/span><\/p><p><span style=\"font-family: Arial, sans-serif;\"><span style=\"font-size: medium;\"><span style=\"color: #232323;\">Swoj\u0105 karier\u0119 zawodow\u0105 zacz\u0119\u0142am od razu po zako\u0144czeniu Studi\u00f3w ze specjalizacji \u2013 Po\u015brednictwo w Obrocie Nieruchomo\u015bciami . ZAWSZE TO CHCIA\u0141AM ROBI\u0106. <\/span><\/span><\/span><\/p><p><span style=\"font-family: Arial, sans-serif;\"><span style=\"font-size: medium;\"><span style=\"color: #232323;\">Dnia 21 wrze\u015bnie 2011 r. zosta\u0142a mi nadana licencja zawodowa z zakresu Po\u015brednictwa w Obrocie Nieruchomo\u015bciami o numerze 17043 przez Ministerstwa Infrastruktury.<\/span><\/span><\/span><\/p><p><span style=\"font-family: Arial, sans-serif;\"><span style=\"font-size: medium;\"><span style=\"color: #232323;\">Przez kolejne lata przesz\u0142am wiele szkole\u0144 , ale co najwa\u017cniejsze <\/span><span style=\"color: #232323;\"><b>DO\u015aWIADCZENIE<\/b><\/span><span style=\"color: #232323;\"> .<\/span><\/span><\/span><\/p><p><span style=\"font-family: Arial, sans-serif;\"><span style=\"font-size: medium;\"><span style=\"color: #232323;\">Swoje Biuro Nieruchomo\u015bci AD NIERUCHOMO\u015aCI \u2013 prowadz\u0119 od listopada 2012 r. i przez ten okres czasu przeprowadzi\u0142am WIELE transakcji z sukcesem , a co dla mnie NAJWA\u017bNIEJSZE \u2013 <\/span><span style=\"color: #232323;\"><b> TYSI\u0104CE ZADOWOLONYCH KLIENT\u00d3W.<\/b><\/span><\/span><\/span><\/p><p><span style=\"font-family: Arial, sans-serif;\"><span style=\"font-size: medium;\"><span style=\"color: #232323;\">W pracy charakteryzuje si\u0119 doskona\u0142\u0105 organizacj\u0105, sumienno\u015bci\u0105, oraz determinacj\u0105. Wyr\u00f3\u017cnia Mnie opanowanie oraz twarde st\u0105panie po ziemi.<\/span><\/span><\/span><\/p><p><span style=\"font-family: Arial, sans-serif;\"><span style=\"font-size: medium;\"><span style=\"color: #232323;\">Klientom na ka\u017cdym etapie transakcji pocz\u0105wszy od przygotowania profesjonalnego og\u0142oszenia do ostatecznego podpisania umowy ko\u0144cowej i przekazania kluczy. Zawsze s\u0142u\u017cy pomoc\u0105, dzia\u0142am z pe\u0142nym zaanga\u017cowaniem i staranno\u015bci\u0105.<\/span><\/span><\/span><\/p><p><span style=\"font-family: Arial, sans-serif;\"><span style=\"font-size: medium;\"><span style=\"color: #232323;\">Moim celem zawsze by\u0142o udowodni\u0107 , \u017ce po\u015brednictwo to specjalizacja sprzeda\u017cy, rozm\u00f3w, zrozumienia, negocjacji, mediacji , przygotowania dokument\u00f3w , a nie amator handluj\u0105cy adresami.<\/span><\/span><\/span><\/p><p><span style=\"font-family: Arial, sans-serif;\"><span style=\"font-size: medium;\"><span style=\"color: #232323;\">Je\u017celi chcesz do\u0142\u0105czy\u0107 do TYSI\u0104CA ZADOWOLONYCH KLIENT\u00d3W to zadzwo\u0144 do mnie : Aneta Fia\u0142ek Tel.500-062-915<\/span><\/span><\/span><\/p>\t\t\t\t\t\t\t\t<\/div>\n\t\t\t\t<\/div>\n\t\t\t\t\t<\/div>\n\t\t\t\t<\/div>\n\t\t\t\t<\/div>\n\t\t","protected":false},"excerpt":{"rendered":"<p>Jestem licencjonowanym Po\u015brednik w obrocie nieruchomo\u015bciami z 14 letnim do\u015bwiadczeniem. Swoj\u0105 karier\u0119 zawodow\u0105 zacz\u0119\u0142am od razu po zako\u0144czeniu Studi\u00f3w ze specjalizacji \u2013 Po\u015brednictwo w Obrocie Nieruchomo\u015bciami . ZAWSZE TO CHCIA\u0141AM ROBI\u0106. Dnia 21 wrze\u015bnie 2011 r. zosta\u0142a mi nadana licencja zawodowa z zakresu Po\u015brednictwa w Obrocie Nieruchomo\u015bciami o numerze 17043 przez Ministerstwa Infrastruktury. Przez kolejne&#8230;<\/p>\n","protected":false},"author":2,"featured_media":0,"parent":0,"menu_order":0,"comment_status":"closed","ping_status":"closed","template":"","meta":{"footnotes":""},"class_list":["post-488","page","type-page","status-publish","hentry"],"yoast_head":"<!-- This site is optimized with the Yoast SEO plugin v24.4 - https:\/\/yoast.com\/wordpress\/plugins\/seo\/ -->\n<title>O nas - Nieruchomo\u015bci w Malborku<\/title>\n<meta name=\"robots\" content=\"index, follow, max-snippet:-1, max-image-preview:large, max-video-preview:-1\" \/>\n<link rel=\"canonical\" href=\"https:\/\/nieruchomoscimalbork.pl\/?page_id=488\" \/>\n<meta property=\"og:locale\" content=\"en_US\" \/>\n<meta property=\"og:type\" content=\"article\" \/>\n<meta property=\"og:title\" content=\"O nas - Nieruchomo\u015bci w Malborku\" \/>\n<meta property=\"og:description\" content=\"Jestem licencjonowanym Po\u015brednik w obrocie nieruchomo\u015bciami z 14 letnim do\u015bwiadczeniem. Swoj\u0105 karier\u0119 zawodow\u0105 zacz\u0119\u0142am od razu po zako\u0144czeniu Studi\u00f3w ze specjalizacji \u2013 Po\u015brednictwo w Obrocie Nieruchomo\u015bciami . ZAWSZE TO CHCIA\u0141AM ROBI\u0106. Dnia 21 wrze\u015bnie 2011 r. zosta\u0142a mi nadana licencja zawodowa z zakresu Po\u015brednictwa w Obrocie Nieruchomo\u015bciami o numerze 17043 przez Ministerstwa Infrastruktury. Przez kolejne...\" \/>\n<meta property=\"og:url\" content=\"https:\/\/nieruchomoscimalbork.pl\/?page_id=488\" \/>\n<meta property=\"og:site_name\" content=\"Nieruchomo\u015bci w Malborku\" \/>\n<meta property=\"article:modified_time\" content=\"2025-05-20T21:51:58+00:00\" \/>\n<meta name=\"twitter:card\" content=\"summary_large_image\" \/>\n<meta name=\"twitter:label1\" content=\"Est. reading time\" \/>\n\t<meta name=\"twitter:data1\" content=\"2 minutes\" \/>\n<script type=\"application\/ld+json\" class=\"yoast-schema-graph\">{\"@context\":\"https:\/\/schema.org\",\"@graph\":[{\"@type\":\"WebPage\",\"@id\":\"https:\/\/nieruchomoscimalbork.pl\/?page_id=488\",\"url\":\"https:\/\/nieruchomoscimalbork.pl\/?page_id=488\",\"name\":\"O nas - Nieruchomo\u015bci w Malborku\",\"isPartOf\":{\"@id\":\"https:\/\/nieruchomoscimalbork.pl\/#website\"},\"datePublished\":\"2025-05-07T17:32:13+00:00\",\"dateModified\":\"2025-05-20T21:51:58+00:00\",\"breadcrumb\":{\"@id\":\"https:\/\/nieruchomoscimalbork.pl\/?page_id=488#breadcrumb\"},\"inLanguage\":\"en-US\",\"potentialAction\":[{\"@type\":\"ReadAction\",\"target\":[\"https:\/\/nieruchomoscimalbork.pl\/?page_id=488\"]}]},{\"@type\":\"BreadcrumbList\",\"@id\":\"https:\/\/nieruchomoscimalbork.pl\/?page_id=488#breadcrumb\",\"itemListElement\":[{\"@type\":\"ListItem\",\"position\":1,\"name\":\"Home\",\"item\":\"https:\/\/nieruchomoscimalbork.pl\/\"},{\"@type\":\"ListItem\",\"position\":2,\"name\":\"O nas\"}]},{\"@type\":\"WebSite\",\"@id\":\"https:\/\/nieruchomoscimalbork.pl\/#website\",\"url\":\"https:\/\/nieruchomoscimalbork.pl\/\",\"name\":\"Nieruchomo\u015bci w Malborku\",\"description\":\"Kupno, sprzeda\u017c nieruchomo\u015bci\",\"potentialAction\":[{\"@type\":\"SearchAction\",\"target\":{\"@type\":\"EntryPoint\",\"urlTemplate\":\"https:\/\/nieruchomoscimalbork.pl\/?s={search_term_string}\"},\"query-input\":{\"@type\":\"PropertyValueSpecification\",\"valueRequired\":true,\"valueName\":\"search_term_string\"}}],\"inLanguage\":\"en-US\"}]}<\/script>\n<!-- \/ Yoast SEO plugin. -->","yoast_head_json":{"title":"O nas - Nieruchomo\u015bci w Malborku","robots":{"index":"index","follow":"follow","max-snippet":"max-snippet:-1","max-image-preview":"max-image-preview:large","max-video-preview":"max-video-preview:-1"},"canonical":"https:\/\/nieruchomoscimalbork.pl\/?page_id=488","og_locale":"en_US","og_type":"article","og_title":"O nas - Nieruchomo\u015bci w Malborku","og_description":"Jestem licencjonowanym Po\u015brednik w obrocie nieruchomo\u015bciami z 14 letnim do\u015bwiadczeniem. Swoj\u0105 karier\u0119 zawodow\u0105 zacz\u0119\u0142am od razu po zako\u0144czeniu Studi\u00f3w ze specjalizacji \u2013 Po\u015brednictwo w Obrocie Nieruchomo\u015bciami . ZAWSZE TO CHCIA\u0141AM ROBI\u0106. Dnia 21 wrze\u015bnie 2011 r. zosta\u0142a mi nadana licencja zawodowa z zakresu Po\u015brednictwa w Obrocie Nieruchomo\u015bciami o numerze 17043 przez Ministerstwa Infrastruktury. Przez kolejne...","og_url":"https:\/\/nieruchomoscimalbork.pl\/?page_id=488","og_site_name":"Nieruchomo\u015bci w Malborku","article_modified_time":"2025-05-20T21:51:58+00:00","twitter_card":"summary_large_image","twitter_misc":{"Est. reading time":"2 minutes"},"schema":{"@context":"https:\/\/schema.org","@graph":[{"@type":"WebPage","@id":"https:\/\/nieruchomoscimalbork.pl\/?page_id=488","url":"https:\/\/nieruchomoscimalbork.pl\/?page_id=488","name":"O nas - Nieruchomo\u015bci w Malborku","isPartOf":{"@id":"https:\/\/nieruchomoscimalbork.pl\/#website"},"datePublished":"2025-05-07T17:32:13+00:00","dateModified":"2025-05-20T21:51:58+00:00","breadcrumb":{"@id":"https:\/\/nieruchomoscimalbork.pl\/?page_id=488#breadcrumb"},"inLanguage":"en-US","potentialAction":[{"@type":"ReadAction","target":["https:\/\/nieruchomoscimalbork.pl\/?page_id=488"]}]},{"@type":"BreadcrumbList","@id":"https:\/\/nieruchomoscimalbork.pl\/?page_id=488#breadcrumb","itemListElement":[{"@type":"ListItem","position":1,"name":"Home","item":"https:\/\/nieruchomoscimalbork.pl\/"},{"@type":"ListItem","position":2,"name":"O nas"}]},{"@type":"WebSite","@id":"https:\/\/nieruchomoscimalbork.pl\/#website","url":"https:\/\/nieruchomoscimalbork.pl\/","name":"Nieruchomo\u015bci w Malborku","description":"Kupno, sprzeda\u017c nieruchomo\u015bci","potentialAction":[{"@type":"SearchAction","target":{"@type":"EntryPoint","urlTemplate":"https:\/\/nieruchomoscimalbork.pl\/?s={search_term_string}"},"query-input":{"@type":"PropertyValueSpecification","valueRequired":true,"valueName":"search_term_string"}}],"inLanguage":"en-US"}]}},"_links":{"self":[{"href":"https:\/\/nieruchomoscimalbork.pl\/index.php?rest_route=\/wp\/v2\/pages\/488","targetHints":{"allow":["GET"]}}],"collection":[{"href":"https:\/\/nieruchomoscimalbork.pl\/index.php?rest_route=\/wp\/v2\/pages"}],"about":[{"href":"https:\/\/nieruchomoscimalbork.pl\/index.php?rest_route=\/wp\/v2\/types\/page"}],"author":[{"embeddable":true,"href":"https:\/\/nieruchomoscimalbork.pl\/index.php?rest_route=\/wp\/v2\/users\/2"}],"replies":[{"embeddable":true,"href":"https:\/\/nieruchomoscimalbork.pl\/index.php?rest_route=%2Fwp%2Fv2%2Fcomments&post=488"}],"version-history":[{"count":7,"href":"https:\/\/nieruchomoscimalbork.pl\/index.php?rest_route=\/wp\/v2\/pages\/488\/revisions"}],"predecessor-version":[{"id":622,"href":"https:\/\/nieruchomoscimalbork.pl\/index.php?rest_route=\/wp\/v2\/pages\/488\/revisions\/622"}],"wp:attachment":[{"href":"https:\/\/nieruchomoscimalbork.pl\/index.php?rest_route=%2Fwp%2Fv2%2Fmedia&parent=488"}],"curies":[{"name":"wp","href":"https:\/\/api.w.org\/{rel}","templated":true}]}}