{"id":56,"date":"2025-02-28T17:12:59","date_gmt":"2025-02-28T16:12:59","guid":{"rendered":"https:\/\/nieruchomoscimalbork.pl\/?page_id=56"},"modified":"2025-02-28T17:20:49","modified_gmt":"2025-02-28T16:20:49","slug":"kontakt","status":"publish","type":"page","link":"https:\/\/nieruchomoscimalbork.pl\/?page_id=56","title":{"rendered":"Kontakt"},"content":{"rendered":"\t\t<div data-elementor-type=\"wp-page\" data-elementor-id=\"56\" class=\"elementor elementor-56\">\n\t\t\t\t<div class=\"elementor-element elementor-element-ec9c68a e-flex e-con-boxed e-con e-parent\" data-id=\"ec9c68a\" data-element_type=\"container\">\n\t\t\t\t\t<div class=\"e-con-inner\">\n\t\t\t\t<div class=\"elementor-element elementor-element-11c1b8c elementor-widget elementor-widget-image\" data-id=\"11c1b8c\" data-element_type=\"widget\" data-widget_type=\"image.default\">\n\t\t\t\t<div class=\"elementor-widget-container\">\n\t\t\t\t\t\t\t\t\t\t\t\t\t\t\t<img fetchpriority=\"high\" decoding=\"async\" width=\"768\" height=\"135\" src=\"https:\/\/nieruchomoscimalbork.pl\/wp-content\/uploads\/2025\/02\/293722706_473124228147945_7773424788084434375_n-768x135.jpg\" class=\"attachment-medium_large size-medium_large wp-image-58\" alt=\"\" srcset=\"https:\/\/nieruchomoscimalbork.pl\/wp-content\/uploads\/2025\/02\/293722706_473124228147945_7773424788084434375_n-768x135.jpg 768w, https:\/\/nieruchomoscimalbork.pl\/wp-content\/uploads\/2025\/02\/293722706_473124228147945_7773424788084434375_n-300x53.jpg 300w, https:\/\/nieruchomoscimalbork.pl\/wp-content\/uploads\/2025\/02\/293722706_473124228147945_7773424788084434375_n-1024x180.jpg 1024w, https:\/\/nieruchomoscimalbork.pl\/wp-content\/uploads\/2025\/02\/293722706_473124228147945_7773424788084434375_n-1536x270.jpg 1536w, https:\/\/nieruchomoscimalbork.pl\/wp-content\/uploads\/2025\/02\/293722706_473124228147945_7773424788084434375_n-580x102.jpg 580w, https:\/\/nieruchomoscimalbork.pl\/wp-content\/uploads\/2025\/02\/293722706_473124228147945_7773424788084434375_n-860x151.jpg 860w, https:\/\/nieruchomoscimalbork.pl\/wp-content\/uploads\/2025\/02\/293722706_473124228147945_7773424788084434375_n-1160x204.jpg 1160w, https:\/\/nieruchomoscimalbork.pl\/wp-content\/uploads\/2025\/02\/293722706_473124228147945_7773424788084434375_n.jpg 2048w\" sizes=\"(max-width: 768px) 100vw, 768px\" \/>\t\t\t\t\t\t\t\t\t\t\t\t\t\t\t<\/div>\n\t\t\t\t<\/div>\n\t\t\t\t\t<\/div>\n\t\t\t\t<\/div>\n\t\t<div class=\"elementor-element elementor-element-8375fa4 e-flex e-con-boxed e-con e-parent\" data-id=\"8375fa4\" data-element_type=\"container\">\n\t\t\t\t\t<div class=\"e-con-inner\">\n\t\t\t\t<div class=\"elementor-element elementor-element-420afb3 elementor-widget elementor-widget-text-editor\" data-id=\"420afb3\" data-element_type=\"widget\" data-widget_type=\"text-editor.default\">\n\t\t\t\t<div class=\"elementor-widget-container\">\n\t\t\t\t\t\t\t\t\t<h4><strong>AD Nieruchomo\u015bci Aneta Fia\u0142ek<\/strong><\/h4>\n<h4><strong>pl. Gabriela Narutowicza 1a\/11<\/strong><\/h4>\n<h4><strong>82-200 Malbork<\/strong><\/h4>\n<h4><strong>tel. 500062915<\/strong><\/h4>\n<h4><strong>e-mail: biuro_adnieruchomosci@wp.pl&nbsp;<\/strong><\/h4>\n<h4><strong>facebook: <a href=\"https:\/\/www.facebook.com\/profile.php?id=100063511154297\">AD Nieruchomo\u015bci Aneta Fia\u0142ek<\/a><\/strong><\/h4>\t\t\t\t\t\t\t\t<\/div>\n\t\t\t\t<\/div>\n\t\t\t\t\t<\/div>\n\t\t\t\t<\/div>\n\t\t\t\t<\/div>\n\t\t","protected":false},"excerpt":{"rendered":"<p>AD Nieruchomo\u015bci Aneta Fia\u0142ek pl. Gabriela Narutowicza 1a\/11 82-200 Malbork tel. 500062915 e-mail: biuro_adnieruchomosci@wp.pl&nbsp; facebook: AD Nieruchomo\u015bci Aneta Fia\u0142ek<\/p>\n","protected":false},"author":1,"featured_media":0,"parent":0,"menu_order":0,"comment_status":"closed","ping_status":"closed","template":"","meta":{"footnotes":""},"class_list":["post-56","page","type-page","status-publish","hentry"],"yoast_head":"<!-- This site is optimized with the Yoast SEO plugin v24.4 - https:\/\/yoast.com\/wordpress\/plugins\/seo\/ -->\n<title>Kontakt - Nieruchomo\u015bci w Malborku<\/title>\n<meta name=\"robots\" content=\"index, follow, max-snippet:-1, max-image-preview:large, max-video-preview:-1\" \/>\n<link rel=\"canonical\" href=\"https:\/\/nieruchomoscimalbork.pl\/?page_id=56\" \/>\n<meta property=\"og:locale\" content=\"en_US\" \/>\n<meta property=\"og:type\" content=\"article\" \/>\n<meta property=\"og:title\" content=\"Kontakt - Nieruchomo\u015bci w Malborku\" \/>\n<meta property=\"og:description\" content=\"AD Nieruchomo\u015bci Aneta Fia\u0142ek pl. Gabriela Narutowicza 1a\/11 82-200 Malbork tel. 500062915 e-mail: biuro_adnieruchomosci@wp.pl&nbsp; facebook: AD Nieruchomo\u015bci Aneta Fia\u0142ek\" \/>\n<meta property=\"og:url\" content=\"https:\/\/nieruchomoscimalbork.pl\/?page_id=56\" \/>\n<meta property=\"og:site_name\" content=\"Nieruchomo\u015bci w Malborku\" \/>\n<meta property=\"article:modified_time\" content=\"2025-02-28T16:20:49+00:00\" \/>\n<meta property=\"og:image\" content=\"http:\/\/nieruchomoscimalbork.pl\/wp-content\/uploads\/2025\/02\/293722706_473124228147945_7773424788084434375_n-768x135.jpg\" \/>\n<meta name=\"twitter:card\" content=\"summary_large_image\" \/>\n<meta name=\"twitter:label1\" content=\"Est. reading time\" \/>\n\t<meta name=\"twitter:data1\" content=\"1 minute\" \/>\n<script type=\"application\/ld+json\" class=\"yoast-schema-graph\">{\"@context\":\"https:\/\/schema.org\",\"@graph\":[{\"@type\":\"WebPage\",\"@id\":\"https:\/\/nieruchomoscimalbork.pl\/?page_id=56\",\"url\":\"https:\/\/nieruchomoscimalbork.pl\/?page_id=56\",\"name\":\"Kontakt - Nieruchomo\u015bci w Malborku\",\"isPartOf\":{\"@id\":\"https:\/\/nieruchomoscimalbork.pl\/#website\"},\"primaryImageOfPage\":{\"@id\":\"https:\/\/nieruchomoscimalbork.pl\/?page_id=56#primaryimage\"},\"image\":{\"@id\":\"https:\/\/nieruchomoscimalbork.pl\/?page_id=56#primaryimage\"},\"thumbnailUrl\":\"http:\/\/nieruchomoscimalbork.pl\/wp-content\/uploads\/2025\/02\/293722706_473124228147945_7773424788084434375_n-768x135.jpg\",\"datePublished\":\"2025-02-28T16:12:59+00:00\",\"dateModified\":\"2025-02-28T16:20:49+00:00\",\"breadcrumb\":{\"@id\":\"https:\/\/nieruchomoscimalbork.pl\/?page_id=56#breadcrumb\"},\"inLanguage\":\"en-US\",\"potentialAction\":[{\"@type\":\"ReadAction\",\"target\":[\"https:\/\/nieruchomoscimalbork.pl\/?page_id=56\"]}]},{\"@type\":\"ImageObject\",\"inLanguage\":\"en-US\",\"@id\":\"https:\/\/nieruchomoscimalbork.pl\/?page_id=56#primaryimage\",\"url\":\"http:\/\/nieruchomoscimalbork.pl\/wp-content\/uploads\/2025\/02\/293722706_473124228147945_7773424788084434375_n-768x135.jpg\",\"contentUrl\":\"http:\/\/nieruchomoscimalbork.pl\/wp-content\/uploads\/2025\/02\/293722706_473124228147945_7773424788084434375_n-768x135.jpg\"},{\"@type\":\"BreadcrumbList\",\"@id\":\"https:\/\/nieruchomoscimalbork.pl\/?page_id=56#breadcrumb\",\"itemListElement\":[{\"@type\":\"ListItem\",\"position\":1,\"name\":\"Home\",\"item\":\"https:\/\/nieruchomoscimalbork.pl\/\"},{\"@type\":\"ListItem\",\"position\":2,\"name\":\"Kontakt\"}]},{\"@type\":\"WebSite\",\"@id\":\"https:\/\/nieruchomoscimalbork.pl\/#website\",\"url\":\"https:\/\/nieruchomoscimalbork.pl\/\",\"name\":\"Nieruchomo\u015bci w Malborku\",\"description\":\"Kupno, sprzeda\u017c nieruchomo\u015bci\",\"potentialAction\":[{\"@type\":\"SearchAction\",\"target\":{\"@type\":\"EntryPoint\",\"urlTemplate\":\"https:\/\/nieruchomoscimalbork.pl\/?s={search_term_string}\"},\"query-input\":{\"@type\":\"PropertyValueSpecification\",\"valueRequired\":true,\"valueName\":\"search_term_string\"}}],\"inLanguage\":\"en-US\"}]}<\/script>\n<!-- \/ Yoast SEO plugin. -->","yoast_head_json":{"title":"Kontakt - Nieruchomo\u015bci w Malborku","robots":{"index":"index","follow":"follow","max-snippet":"max-snippet:-1","max-image-preview":"max-image-preview:large","max-video-preview":"max-video-preview:-1"},"canonical":"https:\/\/nieruchomoscimalbork.pl\/?page_id=56","og_locale":"en_US","og_type":"article","og_title":"Kontakt - Nieruchomo\u015bci w Malborku","og_description":"AD Nieruchomo\u015bci Aneta Fia\u0142ek pl. Gabriela Narutowicza 1a\/11 82-200 Malbork tel. 500062915 e-mail: biuro_adnieruchomosci@wp.pl&nbsp; facebook: AD Nieruchomo\u015bci Aneta Fia\u0142ek","og_url":"https:\/\/nieruchomoscimalbork.pl\/?page_id=56","og_site_name":"Nieruchomo\u015bci w Malborku","article_modified_time":"2025-02-28T16:20:49+00:00","og_image":[{"url":"http:\/\/nieruchomoscimalbork.pl\/wp-content\/uploads\/2025\/02\/293722706_473124228147945_7773424788084434375_n-768x135.jpg","type":"","width":"","height":""}],"twitter_card":"summary_large_image","twitter_misc":{"Est. reading time":"1 minute"},"schema":{"@context":"https:\/\/schema.org","@graph":[{"@type":"WebPage","@id":"https:\/\/nieruchomoscimalbork.pl\/?page_id=56","url":"https:\/\/nieruchomoscimalbork.pl\/?page_id=56","name":"Kontakt - Nieruchomo\u015bci w Malborku","isPartOf":{"@id":"https:\/\/nieruchomoscimalbork.pl\/#website"},"primaryImageOfPage":{"@id":"https:\/\/nieruchomoscimalbork.pl\/?page_id=56#primaryimage"},"image":{"@id":"https:\/\/nieruchomoscimalbork.pl\/?page_id=56#primaryimage"},"thumbnailUrl":"http:\/\/nieruchomoscimalbork.pl\/wp-content\/uploads\/2025\/02\/293722706_473124228147945_7773424788084434375_n-768x135.jpg","datePublished":"2025-02-28T16:12:59+00:00","dateModified":"2025-02-28T16:20:49+00:00","breadcrumb":{"@id":"https:\/\/nieruchomoscimalbork.pl\/?page_id=56#breadcrumb"},"inLanguage":"en-US","potentialAction":[{"@type":"ReadAction","target":["https:\/\/nieruchomoscimalbork.pl\/?page_id=56"]}]},{"@type":"ImageObject","inLanguage":"en-US","@id":"https:\/\/nieruchomoscimalbork.pl\/?page_id=56#primaryimage","url":"http:\/\/nieruchomoscimalbork.pl\/wp-content\/uploads\/2025\/02\/293722706_473124228147945_7773424788084434375_n-768x135.jpg","contentUrl":"http:\/\/nieruchomoscimalbork.pl\/wp-content\/uploads\/2025\/02\/293722706_473124228147945_7773424788084434375_n-768x135.jpg"},{"@type":"BreadcrumbList","@id":"https:\/\/nieruchomoscimalbork.pl\/?page_id=56#breadcrumb","itemListElement":[{"@type":"ListItem","position":1,"name":"Home","item":"https:\/\/nieruchomoscimalbork.pl\/"},{"@type":"ListItem","position":2,"name":"Kontakt"}]},{"@type":"WebSite","@id":"https:\/\/nieruchomoscimalbork.pl\/#website","url":"https:\/\/nieruchomoscimalbork.pl\/","name":"Nieruchomo\u015bci w Malborku","description":"Kupno, sprzeda\u017c nieruchomo\u015bci","potentialAction":[{"@type":"SearchAction","target":{"@type":"EntryPoint","urlTemplate":"https:\/\/nieruchomoscimalbork.pl\/?s={search_term_string}"},"query-input":{"@type":"PropertyValueSpecification","valueRequired":true,"valueName":"search_term_string"}}],"inLanguage":"en-US"}]}},"_links":{"self":[{"href":"https:\/\/nieruchomoscimalbork.pl\/index.php?rest_route=\/wp\/v2\/pages\/56","targetHints":{"allow":["GET"]}}],"collection":[{"href":"https:\/\/nieruchomoscimalbork.pl\/index.php?rest_route=\/wp\/v2\/pages"}],"about":[{"href":"https:\/\/nieruchomoscimalbork.pl\/index.php?rest_route=\/wp\/v2\/types\/page"}],"author":[{"embeddable":true,"href":"https:\/\/nieruchomoscimalbork.pl\/index.php?rest_route=\/wp\/v2\/users\/1"}],"replies":[{"embeddable":true,"href":"https:\/\/nieruchomoscimalbork.pl\/index.php?rest_route=%2Fwp%2Fv2%2Fcomments&post=56"}],"version-history":[{"count":7,"href":"https:\/\/nieruchomoscimalbork.pl\/index.php?rest_route=\/wp\/v2\/pages\/56\/revisions"}],"predecessor-version":[{"id":67,"href":"https:\/\/nieruchomoscimalbork.pl\/index.php?rest_route=\/wp\/v2\/pages\/56\/revisions\/67"}],"wp:attachment":[{"href":"https:\/\/nieruchomoscimalbork.pl\/index.php?rest_route=%2Fwp%2Fv2%2Fmedia&parent=56"}],"curies":[{"name":"wp","href":"https:\/\/api.w.org\/{rel}","templated":true}]}}